{"id":12,"date":"2020-07-27T16:04:34","date_gmt":"2020-07-27T13:04:34","guid":{"rendered":"http:\/\/staddax.fi\/?page_id=12"},"modified":"2025-04-10T18:26:22","modified_gmt":"2025-04-10T15:26:22","slug":"home","status":"publish","type":"page","link":"https:\/\/staddax.fi\/fi\/","title":{"rendered":"Etusivu"},"content":{"rendered":"\t\t<div data-elementor-type=\"wp-page\" data-elementor-id=\"12\" class=\"elementor elementor-12\">\n\t\t\t\t\t\t<section class=\"elementor-section elementor-top-section elementor-element elementor-element-1c1e9851 elementor-section-stretched elementor-section-boxed elementor-section-height-default elementor-section-height-default\" data-id=\"1c1e9851\" data-element_type=\"section\" id=\"ommig\" data-settings=\"{&quot;stretch_section&quot;:&quot;section-stretched&quot;,&quot;background_background&quot;:&quot;classic&quot;}\">\n\t\t\t\t\t\t<div class=\"elementor-container elementor-column-gap-default\">\n\t\t\t\t\t<div class=\"elementor-column elementor-col-100 elementor-top-column elementor-element elementor-element-72a35763\" data-id=\"72a35763\" data-element_type=\"column\">\n\t\t\t<div class=\"elementor-widget-wrap elementor-element-populated\">\n\t\t\t\t\t\t<section class=\"elementor-section elementor-inner-section elementor-element elementor-element-0ff7855 elementor-section-boxed elementor-section-height-default elementor-section-height-default\" data-id=\"0ff7855\" data-element_type=\"section\">\n\t\t\t\t\t\t<div class=\"elementor-container elementor-column-gap-default\">\n\t\t\t\t\t<div class=\"elementor-column elementor-col-33 elementor-inner-column elementor-element elementor-element-8aeae88\" data-id=\"8aeae88\" data-element_type=\"column\">\n\t\t\t<div class=\"elementor-widget-wrap elementor-element-populated\">\n\t\t\t\t\t\t<div class=\"elementor-element elementor-element-8492523 elementor-widget elementor-widget-image\" data-id=\"8492523\" data-element_type=\"widget\" data-widget_type=\"image.default\">\n\t\t\t\t<div class=\"elementor-widget-container\">\n\t\t\t\t\t\t\t\t\t\t\t\t\t\t\t<img fetchpriority=\"high\" decoding=\"async\" width=\"480\" height=\"640\" src=\"https:\/\/staddax.fi\/wp-content\/uploads\/2020\/07\/IMG_8182-rotated.jpg\" class=\"attachment-medium_large size-medium_large wp-image-160\" alt=\"\" srcset=\"https:\/\/staddax.fi\/wp-content\/uploads\/2020\/07\/IMG_8182-rotated.jpg 480w, https:\/\/staddax.fi\/wp-content\/uploads\/2020\/07\/IMG_8182-225x300.jpg 225w, https:\/\/staddax.fi\/wp-content\/uploads\/2020\/07\/IMG_8182-230x307.jpg 230w, https:\/\/staddax.fi\/wp-content\/uploads\/2020\/07\/IMG_8182-350x467.jpg 350w\" sizes=\"(max-width: 480px) 100vw, 480px\" \/>\t\t\t\t\t\t\t\t\t\t\t\t\t\t\t<\/div>\n\t\t\t\t<\/div>\n\t\t\t\t\t<\/div>\n\t\t<\/div>\n\t\t\t\t<div class=\"elementor-column elementor-col-33 elementor-inner-column elementor-element elementor-element-4b9626b\" data-id=\"4b9626b\" data-element_type=\"column\">\n\t\t\t<div class=\"elementor-widget-wrap elementor-element-populated\">\n\t\t\t\t\t\t<div class=\"elementor-element elementor-element-a776913 elementor-widget elementor-widget-text-editor\" data-id=\"a776913\" data-element_type=\"widget\" data-widget_type=\"text-editor.default\">\n\t\t\t\t<div class=\"elementor-widget-container\">\n\t\t\t\t\t\t\t\t\t<p>Jag heter Caroline Silfver, grundare av f\u00f6retaget St\u00e4ddax. Efter m\u00e5nga \u00e5r i restaurangbranschen samt n\u00e5gra \u00e5r hemma med barn mognade id\u00e9n fram om ett f\u00f6retag i st\u00e4dbranschen. Jag bor i Malax, men erbjuder mina st\u00e4dtj\u00e4nster ocks\u00e5 utanf\u00f6r min hemort. Med erfarenhet fr\u00e5n restaurangbranschen kan jag ocks\u00e5 hj\u00e4lpa till om ni beh\u00f6ver assistans med &#8217;festfix&#8217; av st\u00f6rre eller mindre fester. M\u00e5nga beh\u00f6ver t.ex. serveringspersonal vid br\u00f6llop, och dagen efter festen kan jag ocks\u00e5 ta hand om all st\u00e4dning. Tveka inte att kontakta mig!&nbsp;<\/p>\t\t\t\t\t\t\t\t<\/div>\n\t\t\t\t<\/div>\n\t\t\t\t\t<\/div>\n\t\t<\/div>\n\t\t\t\t<div class=\"elementor-column elementor-col-33 elementor-inner-column elementor-element elementor-element-668f546\" data-id=\"668f546\" data-element_type=\"column\">\n\t\t\t<div class=\"elementor-widget-wrap elementor-element-populated\">\n\t\t\t\t\t\t<div class=\"elementor-element elementor-element-7205bbe elementor-widget elementor-widget-image\" data-id=\"7205bbe\" data-element_type=\"widget\" data-widget_type=\"image.default\">\n\t\t\t\t<div class=\"elementor-widget-container\">\n\t\t\t\t\t\t\t\t\t\t\t\t\t\t\t<img decoding=\"async\" width=\"793\" height=\"559\" src=\"https:\/\/staddax.fi\/wp-content\/uploads\/2020\/08\/Web-Based-PNG_LogoMakr-69cqBa.png\" class=\"attachment-large size-large wp-image-185\" alt=\"\" srcset=\"https:\/\/staddax.fi\/wp-content\/uploads\/2020\/08\/Web-Based-PNG_LogoMakr-69cqBa.png 793w, https:\/\/staddax.fi\/wp-content\/uploads\/2020\/08\/Web-Based-PNG_LogoMakr-69cqBa-300x211.png 300w, https:\/\/staddax.fi\/wp-content\/uploads\/2020\/08\/Web-Based-PNG_LogoMakr-69cqBa-768x541.png 768w, https:\/\/staddax.fi\/wp-content\/uploads\/2020\/08\/Web-Based-PNG_LogoMakr-69cqBa-230x162.png 230w, https:\/\/staddax.fi\/wp-content\/uploads\/2020\/08\/Web-Based-PNG_LogoMakr-69cqBa-350x247.png 350w, https:\/\/staddax.fi\/wp-content\/uploads\/2020\/08\/Web-Based-PNG_LogoMakr-69cqBa-480x338.png 480w\" sizes=\"(max-width: 793px) 100vw, 793px\" \/>\t\t\t\t\t\t\t\t\t\t\t\t\t\t\t<\/div>\n\t\t\t\t<\/div>\n\t\t\t\t\t<\/div>\n\t\t<\/div>\n\t\t\t\t\t<\/div>\n\t\t<\/section>\n\t\t\t\t\t<\/div>\n\t\t<\/div>\n\t\t\t\t\t<\/div>\n\t\t<\/section>\n\t\t\t\t<section class=\"elementor-section elementor-top-section elementor-element elementor-element-f0e3d0c elementor-section-boxed elementor-section-height-default elementor-section-height-default\" data-id=\"f0e3d0c\" data-element_type=\"section\">\n\t\t\t\t\t\t<div class=\"elementor-container elementor-column-gap-default\">\n\t\t\t\t\t<div class=\"elementor-column elementor-col-100 elementor-top-column elementor-element elementor-element-5cbf789\" data-id=\"5cbf789\" data-element_type=\"column\">\n\t\t\t<div class=\"elementor-widget-wrap\">\n\t\t\t\t\t\t\t<\/div>\n\t\t<\/div>\n\t\t\t\t\t<\/div>\n\t\t<\/section>\n\t\t\t\t<section class=\"elementor-section elementor-top-section elementor-element elementor-element-b563ff4 elementor-section-stretched elementor-section-full_width elementor-section-height-default elementor-section-height-default\" data-id=\"b563ff4\" data-element_type=\"section\" data-settings=\"{&quot;stretch_section&quot;:&quot;section-stretched&quot;}\">\n\t\t\t\t\t\t<div class=\"elementor-container elementor-column-gap-default\">\n\t\t\t\t\t<div class=\"elementor-column elementor-col-100 elementor-top-column elementor-element elementor-element-2ce426b\" data-id=\"2ce426b\" data-element_type=\"column\">\n\t\t\t<div class=\"elementor-widget-wrap elementor-element-populated\">\n\t\t\t\t\t\t<div class=\"elementor-element elementor-element-12fa728 elementor-widget elementor-widget-heading\" data-id=\"12fa728\" data-element_type=\"widget\" data-widget_type=\"heading.default\">\n\t\t\t\t<div class=\"elementor-widget-container\">\n\t\t\t\t\t<h2 class=\"elementor-heading-title elementor-size-default\">Vad s\u00e4ger v\u00e5ra kunder?<\/h2>\t\t\t\t<\/div>\n\t\t\t\t<\/div>\n\t\t\t\t<div class=\"elementor-element elementor-element-72fd57e elementor-widget elementor-widget-athemes-testimonials\" data-id=\"72fd57e\" data-element_type=\"widget\" data-widget_type=\"athemes-testimonials.default\">\n\t\t\t\t<div class=\"elementor-widget-container\">\n\t\t\t\t\t\n\t\t<div class=\"widget_sydney_testimonials\">\n\t\t\t<i class=\"fa fa-quote-left\"><\/i>\n\t\t\t<div class=\"roll-testimonials\" data-autoplay=\"5000\">\n\t\t\t\t                    <div class=\"customer\">\n                        <blockquote class=\"whisper\"><blockquote><div dir=\"ltr\"><div dir=\"ltr\"><div class=\"gmail_default\"><div class=\"gmail_default\">Har nu anlitat St\u00e4ddax f\u00f6r min mammas r\u00e4kning 4 g\u00e5nger, och resultatet har alla g\u00e5nger varit lysande!\u00a0Stort tack till unga trevliga Malin som har gjort ett fantastiskt jobb hos mamma i Gerby, golven bl\u00e4nker, f\u00f6nstren skimrar och badrum och k\u00f6k gl\u00e4nser! Jag kan verkligen varmt rekommendera St\u00e4ddax! H\u00e4lsar Tuija West och mamma Solveig.<\/div><\/div><\/div><\/div><\/blockquote><\/blockquote>                               \n\t\t\t\t\t\t                        <div class=\"avatar\">\n\t\t\t\t\t\t\t<img decoding=\"async\" src=\"https:\/\/staddax.fi\/wp-content\/uploads\/2025\/04\/litethjarta.jpeg\" alt=\"litethjarta\"\/>\n                        <\/div>\n                    \t                        <div class=\"name\">\n                        \t<div class=\"testimonial-name\">Tuija West<\/div>\n                        \t<span class=\"testimonial-position\">10.4.2025<\/span>\n                        <\/div>\n                    <\/div>\n\t\t\t\t                    <div class=\"customer\">\n                        <blockquote class=\"whisper\"><p>St\u00e4ddax \u00e4r en p\u00e5litlig, kundv\u00e4nlig och flexibel st\u00e4dfirma. St\u00e4ddax st\u00e4dar hemma hos oss en g\u00e5ng\/ m\u00e5nad, d\u00e4remellan st\u00e4dar vi p\u00e5 \"v\u00e5rt s\u00e4tt\"\ud83d\ude09 Ett vinnande koncept \ud83d\udc4d<br \/>Caroline och hennes anst\u00e4llda g\u00f6r, rent ut sagt, ett utm\u00e4rkt jobb. Rekommenderar varmt\u2665\ufe0f<\/p><\/blockquote>                               \n\t\t\t\t\t\t                        <div class=\"avatar\">\n\t\t\t\t\t\t\t<img decoding=\"async\" src=\"https:\/\/staddax.fi\/wp-content\/uploads\/2023\/10\/ceciliamoliis-e1698169417291.jpeg\" alt=\"ceciliamoliis\"\/>\n                        <\/div>\n                    \t                        <div class=\"name\">\n                        \t<div class=\"testimonial-name\">Cecilia Moliis<\/div>\n                        \t<span class=\"testimonial-position\">24.10.2023<\/span>\n                        <\/div>\n                    <\/div>\n\t\t\t\t                    <div class=\"customer\">\n                        <blockquote class=\"whisper\"><div dir=\"ltr\">Ist\u00e4llet f\u00f6r att s\u00e4tta stora summor p\u00e5 att k\u00f6pa en \u00e5ngtv\u00e4tt hyrde vi en via Caroline och St\u00e4ddax f\u00f6r att reng\u00f6ra golven hemma. Allt k\u00e4ndes v\u00e4ldigt kundv\u00e4nligt, professionellt och flexibelt. Kan varmt rekommendera St\u00e4ddax!<\/div><\/blockquote>                               \n\t\t\t\t\t\t                        <div class=\"avatar\">\n\t\t\t\t\t\t\t<img decoding=\"async\" src=\"https:\/\/staddax.fi\/wp-content\/uploads\/2023\/08\/Patrick-Sjoholm-e1692251087582.jpeg\" alt=\"Patrick Sjoholm\"\/>\n                        <\/div>\n                    \t                        <div class=\"name\">\n                        \t<div class=\"testimonial-name\">Patrick Sj\u00f6holm<\/div>\n                        \t<span class=\"testimonial-position\">14.8.2023<\/span>\n                        <\/div>\n                    <\/div>\n\t\t\t\t                    <div class=\"customer\">\n                        <blockquote class=\"whisper\"><p>Efter ett tips s\u00e5 ringde jag St\u00e4ddax och det var en vinstlott. \u00a0St\u00e4djobbet gick som en dans och Caroline \u00e4r en av de trevligaste personer ja tr\u00e4ffat. Jag rekommenderar St\u00e4ddax till 120%! Mvh Boris Dahl (supern\u00f6jd kund) \ud83d\udc4d\ud83d\udc4d<\/p><\/blockquote>                               \n\t\t\t\t\t\t                        <div class=\"avatar\">\n\t\t\t\t\t\t\t<img decoding=\"async\" src=\"https:\/\/staddax.fi\/wp-content\/uploads\/2023\/03\/borisdahl.jpeg\" alt=\"borisdahl\"\/>\n                        <\/div>\n                    \t                        <div class=\"name\">\n                        \t<div class=\"testimonial-name\">Boris Dahl<\/div>\n                        \t<span class=\"testimonial-position\">30.3.2023<\/span>\n                        <\/div>\n                    <\/div>\n\t\t\t\t                    <div class=\"customer\">\n                        <blockquote class=\"whisper\"><p>Tack St\u00e4ddax f\u00f6r att ni r\u00e4ddar v\u00e5r familjs hektiska vardag! Regelbunden st\u00e4dhj\u00e4lp hj\u00e4lper till att h\u00e5lla ordning och reda - \u00e4ven i ton\u00e5rsrum \ud83d\ude09 Tack vare hush\u00e5llsavdraget blir det inte heller alltf\u00f6r dyrt. V\u00e4rt varje cent!<\/p><\/blockquote>                               \n\t\t\t\t\t\t                        <div class=\"avatar\">\n\t\t\t\t\t\t\t<img decoding=\"async\" src=\"https:\/\/staddax.fi\/wp-content\/uploads\/2022\/05\/laila-e1653547433618.jpg\" alt=\"laila\"\/>\n                        <\/div>\n                    \t                        <div class=\"name\">\n                        \t<div class=\"testimonial-name\">Laila Schauman<\/div>\n                        \t<span class=\"testimonial-position\">26.5.2022<\/span>\n                        <\/div>\n                    <\/div>\n\t\t\t\t                    <div class=\"customer\">\n                        <blockquote class=\"whisper\"><p>S\u00e5 h\u00e4rligt att komma hem till ett rent och nyst\u00e4dat hem! Vilken vardagslyx! Tusen tack Caroline f\u00f6r ett superjobb, vi kommer definitivt att anlita dig igen!<\/p><\/blockquote>                               \n\t\t\t\t\t\t                        <div class=\"avatar\">\n\t\t\t\t\t\t\t<img decoding=\"async\" src=\"https:\/\/staddax.fi\/wp-content\/uploads\/2021\/12\/mira-2.jpeg\" alt=\"mira 2\"\/>\n                        <\/div>\n                    \t                        <div class=\"name\">\n                        \t<div class=\"testimonial-name\">Mira Turtonen<\/div>\n                        \t<span class=\"testimonial-position\">13.12.2021<\/span>\n                        <\/div>\n                    <\/div>\n\t\t\t\t                    <div class=\"customer\">\n                        <blockquote class=\"whisper\"><p>Stort tack f\u00f6r professionellt och milj\u00f6v\u00e4nlig st\u00e4dning! Du \u00e4r verkligen en vardagshj\u00e4lte.\u00a0<\/p><\/blockquote>                               \n\t\t\t\t\t\t                        <div class=\"avatar\">\n\t\t\t\t\t\t\t<img decoding=\"async\" src=\"https:\/\/staddax.fi\/wp-content\/uploads\/2021\/06\/olga.jpeg\" alt=\"olga\"\/>\n                        <\/div>\n                    \t                        <div class=\"name\">\n                        \t<div class=\"testimonial-name\">Olga Kanto<\/div>\n                        \t<span class=\"testimonial-position\">16.6.2021<\/span>\n                        <\/div>\n                    <\/div>\n\t\t\t\t                    <div class=\"customer\">\n                        <blockquote class=\"whisper\"><p>Vill du ocks\u00e5 ha rena f\u00f6nster - g\u00f6r som jag och anlita St\u00e4ddax. Vilken vardagslyx att se p\u00e5 d\u00e5 en god v\u00e4n st\u00e4dar och g\u00f6r fint <span class=\"pq6dq46d tbxw36s4 knj5qynh kvgmc6g5 ditlmg2l oygrvhab nvdbi5me sf5mxxl7 gl3lb2sf hhz5lgdu\"><img decoding=\"async\" src=\"https:\/\/static.xx.fbcdn.net\/images\/emoji.php\/v9\/t2\/1\/16\/1f60d.png\" alt=\"\ud83d\ude0d\" width=\"16\" height=\"16\" \/><\/span> <a class=\"oajrlxb2 g5ia77u1 qu0x051f esr5mh6w e9989ue4 r7d6kgcz rq0escxv nhd2j8a9 nc684nl6 p7hjln8o kvgmc6g5 cxmmr5t8 oygrvhab hcukyx3x jb3vyjys rz4wbd8a qt6c0cv9 a8nywdso i1ao9s8h esuyzwwr f1sip0of lzcic4wl q66pz984 gpro0wi8 b1v8xokw\" role=\"link\" href=\"https:\/\/www.facebook.com\/hashtag\/st%C3%A4ddax?__eep__=6&amp;__cft__[0]=AZX-BmwwwU5XOpkwjnhPEWr8EVGDbdl2raCZ6e8Q2zynDikjmufaneab4_yj8c3KUY1LZRmFc3079R-0xG_6OEY-mDmvDwUk287QZbESFcSxyOe7HoaGQQH686xYmcHG81k&amp;__tn__=*NK-R\">#st\u00e4ddax<\/a> <a class=\"oajrlxb2 g5ia77u1 qu0x051f esr5mh6w e9989ue4 r7d6kgcz rq0escxv nhd2j8a9 nc684nl6 p7hjln8o kvgmc6g5 cxmmr5t8 oygrvhab hcukyx3x jb3vyjys rz4wbd8a qt6c0cv9 a8nywdso i1ao9s8h esuyzwwr f1sip0of lzcic4wl q66pz984 gpro0wi8 b1v8xokw\" role=\"link\" href=\"https:\/\/www.facebook.com\/hashtag\/renaf%C3%B6nster?__eep__=6&amp;__cft__[0]=AZX-BmwwwU5XOpkwjnhPEWr8EVGDbdl2raCZ6e8Q2zynDikjmufaneab4_yj8c3KUY1LZRmFc3079R-0xG_6OEY-mDmvDwUk287QZbESFcSxyOe7HoaGQQH686xYmcHG81k&amp;__tn__=*NK-R\">#renaf\u00f6nster<\/a> <a class=\"oajrlxb2 g5ia77u1 qu0x051f esr5mh6w e9989ue4 r7d6kgcz rq0escxv nhd2j8a9 nc684nl6 p7hjln8o kvgmc6g5 cxmmr5t8 oygrvhab hcukyx3x jb3vyjys rz4wbd8a qt6c0cv9 a8nywdso i1ao9s8h esuyzwwr f1sip0of lzcic4wl q66pz984 gpro0wi8 b1v8xokw\" role=\"link\" href=\"https:\/\/www.facebook.com\/hashtag\/vardagslyx?__eep__=6&amp;__cft__[0]=AZX-BmwwwU5XOpkwjnhPEWr8EVGDbdl2raCZ6e8Q2zynDikjmufaneab4_yj8c3KUY1LZRmFc3079R-0xG_6OEY-mDmvDwUk287QZbESFcSxyOe7HoaGQQH686xYmcHG81k&amp;__tn__=*NK-R\">#vardagslyx<\/a><\/p><\/blockquote>                               \n\t\t\t\t\t\t                        <div class=\"avatar\">\n\t\t\t\t\t\t\t<img decoding=\"async\" src=\"https:\/\/staddax.fi\/wp-content\/uploads\/2021\/04\/annaprofilbind.jpeg\" alt=\"annaprofilbind\"\/>\n                        <\/div>\n                    \t                        <div class=\"name\">\n                        \t<div class=\"testimonial-name\">Anna Vikberg<\/div>\n                        \t<span class=\"testimonial-position\">15.4.2021<\/span>\n                        <\/div>\n                    <\/div>\n\t\t\t\t                    <div class=\"customer\">\n                        <blockquote class=\"whisper\"><p>Iso kiitos Carolinelle muuttomme helpottamisesta! <span class=\"pq6dq46d tbxw36s4 knj5qynh kvgmc6g5 ditlmg2l oygrvhab nvdbi5me sf5mxxl7 gl3lb2sf hhz5lgdu\"><img loading=\"lazy\" decoding=\"async\" src=\"https:\/\/www.facebook.com\/images\/emoji.php\/v9\/tea\/1\/16\/1f970.png\" alt=\"\ud83e\udd70\" width=\"16\" height=\"16\" \/><\/span> Oli ihanan huoletonta vain vied\u00e4 tavarat uuteen osoitteeseen kun ei tarvinnut stressata vanhan asunnon siivouksesta. Asunto oli putipuhdas ja j\u00e4\u00e4kaappi loisti niin puhtaana, ett\u00e4 aurinkolaseja olisi tarvittu! Voimme l\u00e4mpim\u00e4sti suositella St\u00e4ddaxia my\u00f6s muille. <span class=\"pq6dq46d tbxw36s4 knj5qynh kvgmc6g5 ditlmg2l oygrvhab nvdbi5me sf5mxxl7 gl3lb2sf hhz5lgdu\"><img loading=\"lazy\" decoding=\"async\" src=\"https:\/\/www.facebook.com\/images\/emoji.php\/v9\/t2\/1\/16\/1f60d.png\" alt=\"\ud83d\ude0d\" width=\"16\" height=\"16\" \/><\/span> Miksi ottaa ylim\u00e4\u00e4r\u00e4ist\u00e4 stressi\u00e4 siivouksesta kun sen voi j\u00e4tt\u00e4\u00e4 ammattilaisille! <span class=\"pq6dq46d tbxw36s4 knj5qynh kvgmc6g5 ditlmg2l oygrvhab nvdbi5me sf5mxxl7 gl3lb2sf hhz5lgdu\"><img loading=\"lazy\" decoding=\"async\" src=\"https:\/\/www.facebook.com\/images\/emoji.php\/v9\/tea\/1\/16\/1f970.png\" alt=\"\ud83e\udd70\" width=\"16\" height=\"16\" \/><\/span><\/p><\/blockquote>                               \n\t\t\t\t\t\t                        <div class=\"avatar\">\n\t\t\t\t\t\t\t<img decoding=\"async\" src=\"https:\/\/staddax.fi\/wp-content\/uploads\/2020\/11\/Annina-Ahlsved-e1605294188564.jpg\" alt=\"Annina Ahlsved\"\/>\n                        <\/div>\n                    \t                        <div class=\"name\">\n                        \t<div class=\"testimonial-name\">Annina Ahlsved<\/div>\n                        \t<span class=\"testimonial-position\">13.11.2020<\/span>\n                        <\/div>\n                    <\/div>\n\t\t\t\t                    <div class=\"customer\">\n                        <blockquote class=\"whisper\"><p>Tog hj\u00e4lp av st\u00e4dproffs ig\u00e5r o resultatet blev toppen. Tack <a class=\"oajrlxb2 g5ia77u1 qu0x051f esr5mh6w e9989ue4 r7d6kgcz rq0escxv nhd2j8a9 nc684nl6 p7hjln8o kvgmc6g5 cxmmr5t8 oygrvhab hcukyx3x jb3vyjys rz4wbd8a qt6c0cv9 a8nywdso i1ao9s8h esuyzwwr f1sip0of lzcic4wl oo9gr5id gpro0wi8 lrazzd5p\" role=\"link\" href=\"https:\/\/www.facebook.com\/hashtag\/st%C3%A4ddax?__cft__[0]=AZUMW7Dq5YQ-F6Hz9vhtiaMy0IsQyUmjACYs2_ymuwSF421Nd7r69Zm74pQZPgslxlAd-_pxWSa95_uI5ra82RGd1f7l8FzW_8DzxCqRXyMN867GjVNslfWbp6fpSsjLUUYWoB5n48tSkoTkc4L729m8eM5TO1D3F0o39OD0Ps80lJn351mGOCs2KECWbncI9QE&amp;__tn__=*NK-R\">#st\u00e4ddax<\/a> Caroline<span class=\"pq6dq46d tbxw36s4 knj5qynh kvgmc6g5 ditlmg2l oygrvhab nvdbi5me sf5mxxl7 gl3lb2sf hhz5lgdu\"><img loading=\"lazy\" decoding=\"async\" src=\"https:\/\/www.facebook.com\/images\/emoji.php\/v9\/t1a\/2\/16\/1f44c.png\" alt=\"\ud83d\udc4c\" width=\"16\" height=\"16\" \/><\/span><\/p><\/blockquote>                               \n\t\t\t\t\t\t                        <div class=\"avatar\">\n\t\t\t\t\t\t\t<img decoding=\"async\" src=\"https:\/\/staddax.fi\/wp-content\/uploads\/2020\/10\/Stenco.png\" alt=\"Stenco\"\/>\n                        <\/div>\n                    \t                        <div class=\"name\">\n                        \t<div class=\"testimonial-name\">Kenneth St\u00e9n, Stenco<\/div>\n                        \t<span class=\"testimonial-position\">11.10.2020<\/span>\n                        <\/div>\n                    <\/div>\n\t\t\t\t                    <div class=\"customer\">\n                        <blockquote class=\"whisper\"><p>Kiitos kiireisen arkemme pelastaneesta siivouspalvelusta! Sujuvaa ja ammattitaitoista palvelua, ja tietenkin erinomainen ty\u00f6n j\u00e4lki!<\/p><\/blockquote>                               \n\t\t\t\t\t\t                        <div class=\"avatar\">\n\t\t\t\t\t\t\t<img decoding=\"async\" src=\"https:\/\/staddax.fi\/wp-content\/uploads\/2020\/10\/Aino-Maria-Hakala.jpg\" alt=\"Aino-Maria Hakala\"\/>\n                        <\/div>\n                    \t                        <div class=\"name\">\n                        \t<div class=\"testimonial-name\">Aino-Maria Hakala<\/div>\n                        \t<span class=\"testimonial-position\">30.9.2020<\/span>\n                        <\/div>\n                    <\/div>\n\t\t\t\t                    <div class=\"customer\">\n                        <blockquote class=\"whisper\"><p>Utm\u00e4rkt utf\u00f6rd st\u00e4dning!<\/p><\/blockquote>                               \n\t\t\t\t\t\t                        <div class=\"avatar\">\n\t\t\t\t\t\t\t<img decoding=\"async\" src=\"https:\/\/staddax.fi\/wp-content\/uploads\/2020\/10\/Kristian-Hemming.jpg\" alt=\"Kristian Hemming\"\/>\n                        <\/div>\n                    \t                        <div class=\"name\">\n                        \t<div class=\"testimonial-name\">Kristian Hemming<\/div>\n                        \t<span class=\"testimonial-position\">14.8.2020<\/span>\n                        <\/div>\n                    <\/div>\n\t\t\t\t\t\t\t<\/div>\n\t\t<\/div>\t\n\n\t\t\t\t\t\t<\/div>\n\t\t\t\t<\/div>\n\t\t\t\t\t<\/div>\n\t\t<\/div>\n\t\t\t\t\t<\/div>\n\t\t<\/section>\n\t\t\t\t<\/div>\n\t\t","protected":false},"excerpt":{"rendered":"<p>Jag heter Caroline Silfver, grundare av f\u00f6retaget St\u00e4ddax. Efter m\u00e5nga \u00e5r i restaurangbranschen samt n\u00e5gra \u00e5r hemma med barn mognade id\u00e9n fram [&hellip;]<\/p>\n","protected":false},"author":1,"featured_media":0,"parent":0,"menu_order":0,"comment_status":"closed","ping_status":"closed","template":"elementor_header_footer","meta":{"footnotes":""},"class_list":["post-12","page","type-page","status-publish","hentry"],"_links":{"self":[{"href":"https:\/\/staddax.fi\/fi\/wp-json\/wp\/v2\/pages\/12","targetHints":{"allow":["GET"]}}],"collection":[{"href":"https:\/\/staddax.fi\/fi\/wp-json\/wp\/v2\/pages"}],"about":[{"href":"https:\/\/staddax.fi\/fi\/wp-json\/wp\/v2\/types\/page"}],"author":[{"embeddable":true,"href":"https:\/\/staddax.fi\/fi\/wp-json\/wp\/v2\/users\/1"}],"replies":[{"embeddable":true,"href":"https:\/\/staddax.fi\/fi\/wp-json\/wp\/v2\/comments?post=12"}],"version-history":[{"count":91,"href":"https:\/\/staddax.fi\/fi\/wp-json\/wp\/v2\/pages\/12\/revisions"}],"predecessor-version":[{"id":412,"href":"https:\/\/staddax.fi\/fi\/wp-json\/wp\/v2\/pages\/12\/revisions\/412"}],"wp:attachment":[{"href":"https:\/\/staddax.fi\/fi\/wp-json\/wp\/v2\/media?parent=12"}],"curies":[{"name":"wp","href":"https:\/\/api.w.org\/{rel}","templated":true}]}}