{"id":233,"date":"2020-12-28T11:26:59","date_gmt":"2020-12-28T08:26:59","guid":{"rendered":"https:\/\/staddax.fi\/?page_id=233"},"modified":"2025-04-10T19:45:10","modified_gmt":"2025-04-10T16:45:10","slug":"presentkort","status":"publish","type":"page","link":"https:\/\/staddax.fi\/fi\/presentkort\/","title":{"rendered":"Lahjakortti"},"content":{"rendered":"<div data-elementor-type=\"wp-page\" data-elementor-id=\"233\" class=\"elementor elementor-233\">\n\t\t\t\t\t\t<section class=\"elementor-section elementor-top-section elementor-element elementor-element-670a08a elementor-section-stretched elementor-section-boxed elementor-section-height-default elementor-section-height-default\" data-id=\"670a08a\" data-element_type=\"section\" data-settings=\"{&quot;stretch_section&quot;:&quot;section-stretched&quot;,&quot;background_background&quot;:&quot;classic&quot;}\">\n\t\t\t\t\t\t<div class=\"elementor-container elementor-column-gap-default\">\n\t\t\t\t\t<div class=\"elementor-column elementor-col-100 elementor-top-column elementor-element elementor-element-63edc8b\" data-id=\"63edc8b\" data-element_type=\"column\">\n\t\t\t<div class=\"elementor-widget-wrap elementor-element-populated\">\n\t\t\t\t\t\t<section class=\"elementor-section elementor-inner-section elementor-element elementor-element-635aa16 elementor-section-boxed elementor-section-height-default elementor-section-height-default\" data-id=\"635aa16\" data-element_type=\"section\">\n\t\t\t\t\t\t<div class=\"elementor-container elementor-column-gap-default\">\n\t\t\t\t\t<div class=\"elementor-column elementor-col-50 elementor-inner-column elementor-element elementor-element-5eeddaf\" data-id=\"5eeddaf\" data-element_type=\"column\">\n\t\t\t<div class=\"elementor-widget-wrap elementor-element-populated\">\n\t\t\t\t\t\t<div class=\"elementor-element elementor-element-8379cc6 elementor-widget elementor-widget-heading\" data-id=\"8379cc6\" data-element_type=\"widget\" data-widget_type=\"heading.default\">\n\t\t\t\t<div class=\"elementor-widget-container\">\n\t\t\t\t\t<h2 class=\"elementor-heading-title elementor-size-default\">Lahjakortti<\/h2>\t\t\t\t<\/div>\n\t\t\t\t<\/div>\n\t\t\t\t<div class=\"elementor-element elementor-element-cde16a4 elementor-widget elementor-widget-text-editor\" data-id=\"cde16a4\" data-element_type=\"widget\" data-widget_type=\"text-editor.default\">\n\t\t\t\t<div class=\"elementor-widget-container\">\n\t\t\t\t\t\t\t\t\t<p>Onko yst\u00e4v\u00e4ll\u00e4si jo kaikkea? Mik\u00e4 olisi sopiva lahja \u00e4idille ja is\u00e4lle?\u00a0<\/p><p>- Lahjakortti siivoukseen, tai ehk\u00e4 ikkunoiden puhdistus on oikea vastaus?\u00a0<\/p>\t\t\t\t\t\t\t\t<\/div>\n\t\t\t\t<\/div>\n\t\t\t\t\t<\/div>\n\t\t<\/div>\n\t\t\t\t<div class=\"elementor-column elementor-col-50 elementor-inner-column elementor-element elementor-element-8efa57c\" data-id=\"8efa57c\" data-element_type=\"column\">\n\t\t\t<div class=\"elementor-widget-wrap elementor-element-populated\">\n\t\t\t\t\t\t<div class=\"elementor-element elementor-element-97842f7 elementor-widget elementor-widget-image\" data-id=\"97842f7\" data-element_type=\"widget\" data-widget_type=\"image.default\">\n\t\t\t\t<div class=\"elementor-widget-container\">\n\t\t\t\t\t\t\t\t\t\t\t\t\t\t\t<img fetchpriority=\"high\" decoding=\"async\" width=\"711\" height=\"1024\" src=\"https:\/\/staddax.fi\/wp-content\/uploads\/2025\/04\/presentkort-kanin-711x1024.jpeg\" class=\"attachment-large size-large wp-image-439\" alt=\"\" srcset=\"https:\/\/staddax.fi\/wp-content\/uploads\/2025\/04\/presentkort-kanin-711x1024.jpeg 711w, https:\/\/staddax.fi\/wp-content\/uploads\/2025\/04\/presentkort-kanin-208x300.jpeg 208w, https:\/\/staddax.fi\/wp-content\/uploads\/2025\/04\/presentkort-kanin-768x1106.jpeg 768w, https:\/\/staddax.fi\/wp-content\/uploads\/2025\/04\/presentkort-kanin-1067x1536.jpeg 1067w, https:\/\/staddax.fi\/wp-content\/uploads\/2025\/04\/presentkort-kanin-8x12.jpeg 8w, https:\/\/staddax.fi\/wp-content\/uploads\/2025\/04\/presentkort-kanin-1000x1440.jpeg 1000w, https:\/\/staddax.fi\/wp-content\/uploads\/2025\/04\/presentkort-kanin-230x331.jpeg 230w, https:\/\/staddax.fi\/wp-content\/uploads\/2025\/04\/presentkort-kanin-350x504.jpeg 350w, https:\/\/staddax.fi\/wp-content\/uploads\/2025\/04\/presentkort-kanin-480x691.jpeg 480w, https:\/\/staddax.fi\/wp-content\/uploads\/2025\/04\/presentkort-kanin.jpeg 1111w\" sizes=\"(max-width: 711px) 100vw, 711px\" \/>\t\t\t\t\t\t\t\t\t\t\t\t\t\t\t<\/div>\n\t\t\t\t<\/div>\n\t\t\t\t\t<\/div>\n\t\t<\/div>\n\t\t\t\t\t<\/div>\n\t\t<\/section>\n\t\t\t\t\t<\/div>\n\t\t<\/div>\n\t\t\t\t\t<\/div>\n\t\t<\/section>\n\t\t\t\t<\/div>","protected":false},"excerpt":{"rendered":"<p>Presentkort Har din kompis allt? Vad skulle passa som present till mor och far?\u00a0 &#8211; Ett presentkort p\u00e5 en st\u00e4dning p\u00e5 valfri [&hellip;]<\/p>\n","protected":false},"author":1,"featured_media":0,"parent":0,"menu_order":0,"comment_status":"closed","ping_status":"closed","template":"elementor_header_footer","meta":{"footnotes":""},"class_list":["post-233","page","type-page","status-publish","hentry"],"_links":{"self":[{"href":"https:\/\/staddax.fi\/fi\/wp-json\/wp\/v2\/pages\/233","targetHints":{"allow":["GET"]}}],"collection":[{"href":"https:\/\/staddax.fi\/fi\/wp-json\/wp\/v2\/pages"}],"about":[{"href":"https:\/\/staddax.fi\/fi\/wp-json\/wp\/v2\/types\/page"}],"author":[{"embeddable":true,"href":"https:\/\/staddax.fi\/fi\/wp-json\/wp\/v2\/users\/1"}],"replies":[{"embeddable":true,"href":"https:\/\/staddax.fi\/fi\/wp-json\/wp\/v2\/comments?post=233"}],"version-history":[{"count":13,"href":"https:\/\/staddax.fi\/fi\/wp-json\/wp\/v2\/pages\/233\/revisions"}],"predecessor-version":[{"id":444,"href":"https:\/\/staddax.fi\/fi\/wp-json\/wp\/v2\/pages\/233\/revisions\/444"}],"wp:attachment":[{"href":"https:\/\/staddax.fi\/fi\/wp-json\/wp\/v2\/media?parent=233"}],"curies":[{"name":"wp","href":"https:\/\/api.w.org\/{rel}","templated":true}]}}