{"id":456,"date":"2025-04-10T20:42:01","date_gmt":"2025-04-10T17:42:01","guid":{"rendered":"https:\/\/staddax.fi\/?page_id=456"},"modified":"2025-04-10T20:47:22","modified_gmt":"2025-04-10T17:47:22","slug":"staddax-teamet","status":"publish","type":"page","link":"https:\/\/staddax.fi\/fi\/staddax-teamet\/","title":{"rendered":"St\u00e4ddax Tiimi"},"content":{"rendered":"<div data-elementor-type=\"wp-page\" data-elementor-id=\"456\" class=\"elementor elementor-456\">\n\t\t\t\t\t\t<section class=\"elementor-section elementor-top-section elementor-element elementor-element-5406922 elementor-section-stretched elementor-section-boxed elementor-section-height-default elementor-section-height-default\" data-id=\"5406922\" data-element_type=\"section\" data-settings=\"{&quot;stretch_section&quot;:&quot;section-stretched&quot;,&quot;background_background&quot;:&quot;classic&quot;}\">\n\t\t\t\t\t\t<div class=\"elementor-container elementor-column-gap-default\">\n\t\t\t\t\t<div class=\"elementor-column elementor-col-100 elementor-top-column elementor-element elementor-element-3667103\" data-id=\"3667103\" data-element_type=\"column\">\n\t\t\t<div class=\"elementor-widget-wrap elementor-element-populated\">\n\t\t\t\t\t\t<section class=\"elementor-section elementor-inner-section elementor-element elementor-element-f5744d6 elementor-section-boxed elementor-section-height-default elementor-section-height-default\" data-id=\"f5744d6\" data-element_type=\"section\">\n\t\t\t\t\t\t<div class=\"elementor-container elementor-column-gap-default\">\n\t\t\t\t\t<div class=\"elementor-column elementor-col-50 elementor-inner-column elementor-element elementor-element-ca44545\" data-id=\"ca44545\" data-element_type=\"column\">\n\t\t\t<div class=\"elementor-widget-wrap elementor-element-populated\">\n\t\t\t\t\t\t<div class=\"elementor-element elementor-element-c7874dd elementor-widget elementor-widget-heading\" data-id=\"c7874dd\" data-element_type=\"widget\" data-widget_type=\"heading.default\">\n\t\t\t\t<div class=\"elementor-widget-container\">\n\t\t\t\t\t<h2 class=\"elementor-heading-title elementor-size-default\">St\u00e4ddax Tiimi<\/h2>\t\t\t\t<\/div>\n\t\t\t\t<\/div>\n\t\t\t\t<div class=\"elementor-element elementor-element-66e26e7 elementor-widget elementor-widget-text-editor\" data-id=\"66e26e7\" data-element_type=\"widget\" data-widget_type=\"text-editor.default\">\n\t\t\t\t<div class=\"elementor-widget-container\">\n\t\t\t\t\t\t\t\t\t<p>Valitettavasti meill\u00e4 ei ole kuvaa koko tiimist\u00e4 juuri nyt, mutta kes\u00e4ll\u00e4 otamme sopivan kuvan!\u00a0<\/p><p>Tiimi koostuu Tamarasta, Olenasta, Liubovista, Malinista, Oksanasta ja Carolinesta.<\/p>\t\t\t\t\t\t\t\t<\/div>\n\t\t\t\t<\/div>\n\t\t\t\t\t<\/div>\n\t\t<\/div>\n\t\t\t\t<div class=\"elementor-column elementor-col-50 elementor-inner-column elementor-element elementor-element-8e873e2\" data-id=\"8e873e2\" data-element_type=\"column\">\n\t\t\t<div class=\"elementor-widget-wrap elementor-element-populated\">\n\t\t\t\t\t\t<div class=\"elementor-element elementor-element-d2beeba elementor-widget elementor-widget-image\" data-id=\"d2beeba\" data-element_type=\"widget\" data-widget_type=\"image.default\">\n\t\t\t\t<div class=\"elementor-widget-container\">\n\t\t\t\t\t\t\t\t\t\t\t\t\t\t\t<img fetchpriority=\"high\" decoding=\"async\" width=\"1024\" height=\"683\" src=\"https:\/\/staddax.fi\/wp-content\/uploads\/2025\/04\/Staddaxteam-1024x683.jpeg\" class=\"attachment-large size-large wp-image-458\" alt=\"\" srcset=\"https:\/\/staddax.fi\/wp-content\/uploads\/2025\/04\/Staddaxteam-1024x683.jpeg 1024w, https:\/\/staddax.fi\/wp-content\/uploads\/2025\/04\/Staddaxteam-300x200.jpeg 300w, https:\/\/staddax.fi\/wp-content\/uploads\/2025\/04\/Staddaxteam-768x512.jpeg 768w, https:\/\/staddax.fi\/wp-content\/uploads\/2025\/04\/Staddaxteam-18x12.jpeg 18w, https:\/\/staddax.fi\/wp-content\/uploads\/2025\/04\/Staddaxteam-1000x667.jpeg 1000w, https:\/\/staddax.fi\/wp-content\/uploads\/2025\/04\/Staddaxteam-230x153.jpeg 230w, https:\/\/staddax.fi\/wp-content\/uploads\/2025\/04\/Staddaxteam-350x233.jpeg 350w, https:\/\/staddax.fi\/wp-content\/uploads\/2025\/04\/Staddaxteam-480x320.jpeg 480w, https:\/\/staddax.fi\/wp-content\/uploads\/2025\/04\/Staddaxteam.jpeg 1536w\" sizes=\"(max-width: 1024px) 100vw, 1024px\" \/>\t\t\t\t\t\t\t\t\t\t\t\t\t\t\t<\/div>\n\t\t\t\t<\/div>\n\t\t\t\t\t<\/div>\n\t\t<\/div>\n\t\t\t\t\t<\/div>\n\t\t<\/section>\n\t\t\t\t\t<\/div>\n\t\t<\/div>\n\t\t\t\t\t<\/div>\n\t\t<\/section>\n\t\t\t\t<\/div>","protected":false},"excerpt":{"rendered":"<p>Teamet p\u00e5 St\u00e4ddax Tyv\u00e4rr har vi ingen bild p\u00e5 hela teamet just nu, men i sommar skall vi ta en passlig bild!\u00a0 [&hellip;]<\/p>\n","protected":false},"author":1,"featured_media":0,"parent":0,"menu_order":0,"comment_status":"closed","ping_status":"closed","template":"elementor_header_footer","meta":{"footnotes":""},"class_list":["post-456","page","type-page","status-publish","hentry"],"_links":{"self":[{"href":"https:\/\/staddax.fi\/fi\/wp-json\/wp\/v2\/pages\/456","targetHints":{"allow":["GET"]}}],"collection":[{"href":"https:\/\/staddax.fi\/fi\/wp-json\/wp\/v2\/pages"}],"about":[{"href":"https:\/\/staddax.fi\/fi\/wp-json\/wp\/v2\/types\/page"}],"author":[{"embeddable":true,"href":"https:\/\/staddax.fi\/fi\/wp-json\/wp\/v2\/users\/1"}],"replies":[{"embeddable":true,"href":"https:\/\/staddax.fi\/fi\/wp-json\/wp\/v2\/comments?post=456"}],"version-history":[{"count":4,"href":"https:\/\/staddax.fi\/fi\/wp-json\/wp\/v2\/pages\/456\/revisions"}],"predecessor-version":[{"id":461,"href":"https:\/\/staddax.fi\/fi\/wp-json\/wp\/v2\/pages\/456\/revisions\/461"}],"wp:attachment":[{"href":"https:\/\/staddax.fi\/fi\/wp-json\/wp\/v2\/media?parent=456"}],"curies":[{"name":"wp","href":"https:\/\/api.w.org\/{rel}","templated":true}]}}