{"id":79,"date":"2020-07-27T23:06:17","date_gmt":"2020-07-27T20:06:17","guid":{"rendered":"http:\/\/staddax.fi\/?page_id=79"},"modified":"2025-04-09T16:48:29","modified_gmt":"2025-04-09T13:48:29","slug":"hushallsavdrag-2","status":"publish","type":"page","link":"https:\/\/staddax.fi\/fi\/hushallsavdrag-2\/","title":{"rendered":"Kotitalousv\u00e4hennys"},"content":{"rendered":"<div data-elementor-type=\"wp-page\" data-elementor-id=\"79\" class=\"elementor elementor-79\">\n\t\t\t\t\t\t<section class=\"elementor-section elementor-top-section elementor-element elementor-element-7a492a9 elementor-section-stretched elementor-section-boxed elementor-section-height-default elementor-section-height-default\" data-id=\"7a492a9\" data-element_type=\"section\" data-settings=\"{&quot;stretch_section&quot;:&quot;section-stretched&quot;,&quot;background_background&quot;:&quot;classic&quot;}\">\n\t\t\t\t\t\t<div class=\"elementor-container elementor-column-gap-default\">\n\t\t\t\t\t<div class=\"elementor-column elementor-col-100 elementor-top-column elementor-element elementor-element-9dc40c3\" data-id=\"9dc40c3\" data-element_type=\"column\">\n\t\t\t<div class=\"elementor-widget-wrap elementor-element-populated\">\n\t\t\t\t\t\t<div class=\"elementor-element elementor-element-fb476a6 elementor-widget elementor-widget-heading\" data-id=\"fb476a6\" data-element_type=\"widget\" data-widget_type=\"heading.default\">\n\t\t\t\t<div class=\"elementor-widget-container\">\n\t\t\t\t\t<h2 class=\"elementor-heading-title elementor-size-default\">Kotitalousv\u00e4hennys<\/h2>\t\t\t\t<\/div>\n\t\t\t\t<\/div>\n\t\t\t\t\t<\/div>\n\t\t<\/div>\n\t\t\t\t\t<\/div>\n\t\t<\/section>\n\t\t\t\t<section class=\"elementor-section elementor-top-section elementor-element elementor-element-fc4238d elementor-section-stretched elementor-section-boxed elementor-section-height-default elementor-section-height-default\" data-id=\"fc4238d\" data-element_type=\"section\" data-settings=\"{&quot;stretch_section&quot;:&quot;section-stretched&quot;,&quot;background_background&quot;:&quot;classic&quot;}\">\n\t\t\t\t\t\t<div class=\"elementor-container elementor-column-gap-default\">\n\t\t\t\t\t<div class=\"elementor-column elementor-col-100 elementor-top-column elementor-element elementor-element-0623347\" data-id=\"0623347\" data-element_type=\"column\">\n\t\t\t<div class=\"elementor-widget-wrap elementor-element-populated\">\n\t\t\t\t\t\t<section class=\"elementor-section elementor-inner-section elementor-element elementor-element-35678e2 elementor-section-boxed elementor-section-height-default elementor-section-height-default\" data-id=\"35678e2\" data-element_type=\"section\">\n\t\t\t\t\t\t<div class=\"elementor-container elementor-column-gap-default\">\n\t\t\t\t\t<div class=\"elementor-column elementor-col-50 elementor-inner-column elementor-element elementor-element-afc74c9\" data-id=\"afc74c9\" data-element_type=\"column\">\n\t\t\t<div class=\"elementor-widget-wrap elementor-element-populated\">\n\t\t\t\t\t\t<div class=\"elementor-element elementor-element-86d51b2 elementor-widget elementor-widget-text-editor\" data-id=\"86d51b2\" data-element_type=\"widget\" data-widget_type=\"text-editor.default\">\n\t\t\t\t<div class=\"elementor-widget-container\">\n\t\t\t\t\t\t\t\t\t<p>Mit\u00e4 tarkoittaa kotitalousv\u00e4hennys? Se on helpotusta veroihin. Jos ostat palveluita, kuten siivousta, saat verohelpotusta jos haet kotitalousv\u00e4hennyst\u00e4, joka on 35% (1.1.2025 alkaen). Jos esimerkiksi k\u00e4yt\u00e4t siivouspalveluihin 200\u20ac vuoden aikana, ovat todelliset kustannukset vain 130\u20ac. Kotitalousv\u00e4hennyksen maksimi on 1600\u20ac per vuosi yht\u00e4 henkil\u00f6\u00e4 kohden. (Omavastuu 150\u20ac)<\/p>\t\t\t\t\t\t\t\t<\/div>\n\t\t\t\t<\/div>\n\t\t\t\t\t<\/div>\n\t\t<\/div>\n\t\t\t\t<div class=\"elementor-column elementor-col-50 elementor-inner-column elementor-element elementor-element-8c4ad0f\" data-id=\"8c4ad0f\" data-element_type=\"column\">\n\t\t\t<div class=\"elementor-widget-wrap elementor-element-populated\">\n\t\t\t\t\t\t<div class=\"elementor-element elementor-element-7e47ebc elementor-widget elementor-widget-image\" data-id=\"7e47ebc\" data-element_type=\"widget\" data-widget_type=\"image.default\">\n\t\t\t\t<div class=\"elementor-widget-container\">\n\t\t\t\t\t\t\t\t\t\t\t\t\t\t\t<img fetchpriority=\"high\" decoding=\"async\" width=\"640\" height=\"426\" src=\"https:\/\/staddax.fi\/wp-content\/uploads\/2020\/07\/pencil-1037609_640.jpg\" class=\"attachment-large size-large wp-image-163\" alt=\"\" srcset=\"https:\/\/staddax.fi\/wp-content\/uploads\/2020\/07\/pencil-1037609_640.jpg 640w, https:\/\/staddax.fi\/wp-content\/uploads\/2020\/07\/pencil-1037609_640-300x200.jpg 300w, https:\/\/staddax.fi\/wp-content\/uploads\/2020\/07\/pencil-1037609_640-230x153.jpg 230w, https:\/\/staddax.fi\/wp-content\/uploads\/2020\/07\/pencil-1037609_640-350x233.jpg 350w, https:\/\/staddax.fi\/wp-content\/uploads\/2020\/07\/pencil-1037609_640-480x320.jpg 480w\" sizes=\"(max-width: 640px) 100vw, 640px\" \/>\t\t\t\t\t\t\t\t\t\t\t\t\t\t\t<\/div>\n\t\t\t\t<\/div>\n\t\t\t\t\t<\/div>\n\t\t<\/div>\n\t\t\t\t\t<\/div>\n\t\t<\/section>\n\t\t\t\t\t<\/div>\n\t\t<\/div>\n\t\t\t\t\t<\/div>\n\t\t<\/section>\n\t\t\t\t<\/div>","protected":false},"excerpt":{"rendered":"<p>Hush\u00e5llsavdrag Vad betyder hush\u00e5llsavdrag? Jo, det inneb\u00e4r en skattel\u00e4ttnad. Om du k\u00f6per tj\u00e4nster som t.ex. st\u00e4dning, f\u00e5r du skattel\u00e4ttnader om du deklarerar [&hellip;]<\/p>\n","protected":false},"author":1,"featured_media":0,"parent":0,"menu_order":0,"comment_status":"closed","ping_status":"closed","template":"elementor_header_footer","meta":{"footnotes":""},"class_list":["post-79","page","type-page","status-publish","hentry"],"_links":{"self":[{"href":"https:\/\/staddax.fi\/fi\/wp-json\/wp\/v2\/pages\/79","targetHints":{"allow":["GET"]}}],"collection":[{"href":"https:\/\/staddax.fi\/fi\/wp-json\/wp\/v2\/pages"}],"about":[{"href":"https:\/\/staddax.fi\/fi\/wp-json\/wp\/v2\/types\/page"}],"author":[{"embeddable":true,"href":"https:\/\/staddax.fi\/fi\/wp-json\/wp\/v2\/users\/1"}],"replies":[{"embeddable":true,"href":"https:\/\/staddax.fi\/fi\/wp-json\/wp\/v2\/comments?post=79"}],"version-history":[{"count":18,"href":"https:\/\/staddax.fi\/fi\/wp-json\/wp\/v2\/pages\/79\/revisions"}],"predecessor-version":[{"id":401,"href":"https:\/\/staddax.fi\/fi\/wp-json\/wp\/v2\/pages\/79\/revisions\/401"}],"wp:attachment":[{"href":"https:\/\/staddax.fi\/fi\/wp-json\/wp\/v2\/media?parent=79"}],"curies":[{"name":"wp","href":"https:\/\/api.w.org\/{rel}","templated":true}]}}